{"id":3545,"date":"2017-03-03T22:28:39","date_gmt":"2017-03-03T21:28:39","guid":{"rendered":"http:\/\/h.ph7.info\/wordpress\/?page_id=3545"},"modified":"2022-07-14T15:34:27","modified_gmt":"2022-07-14T13:34:27","slug":"contact","status":"publish","type":"page","link":"https:\/\/ph7.info\/fr\/contact\/","title":{"rendered":"Contact"},"content":{"rendered":"<div  class=\"tatsu-fuqmtdpbq43xezpf tatsu-section    tatsu-clearfix\" data-title=\"\"  data-headerscheme=\"background--dark\"><div class='tatsu-section-pad clearfix' data-padding='{\"d\":\"56px 0px 35px 0px\"}' data-padding-top='56px'><div class=\"tatsu-row-wrap  tatsu-wrap tatsu-row-one-col tatsu-row-has-one-cols tatsu-medium-gutter tatsu-reg-cols  tatsu-clearfix tatsu-fuqmtdpbteaqkelp\" ><div  class=\"tatsu-row \" ><div  class=\"tatsu-column  tatsu-column-no-bg tatsu-one-col tatsu-column-image-none tatsu-column-effect-none  tatsu-fuqmtdpbwof17kxv\"  data-parallax-speed=\"0\" style=\"\"><div class=\"tatsu-column-inner \" ><div class=\"tatsu-column-pad-wrap\"><div class=\"tatsu-column-pad\" ><div  class=\"tatsu-module tatsu-text-block-wrap tatsu-fuqmtdpbzp54yavq  \"><div class=\"tatsu-text-inner tatsu-align-center  clearfix\" ><style>.tatsu-fuqmtdpbzp54yavq.tatsu-text-block-wrap .tatsu-text-inner{width: 100%;text-align: left;}.tatsu-fuqmtdpbzp54yavq.tatsu-text-block-wrap{margin: 0px 0px 12px 0px;}<\/style>\n<h1>Contact<\/h1>\n<p><span style=\"font-size: 12pt;\">Nous nous r\u00e9jouissons de vous \u00e9couter et de parler de vos projets. Si vous avez des questions, nous vous r\u00e9pondrons dans les plus brefs d\u00e9lais.<\/span><\/p>\n<p>\n<div class=\"wpcf7 no-js\" id=\"wpcf7-f5162-o1\" lang=\"fr-FR\" dir=\"ltr\" data-wpcf7-id=\"5162\">\n<div class=\"screen-reader-response\"><p role=\"status\" aria-live=\"polite\" aria-atomic=\"true\"><\/p> <ul><\/ul><\/div>\n<form action=\"\/fr\/wp-json\/wp\/v2\/pages\/3545#wpcf7-f5162-o1\" method=\"post\" class=\"wpcf7-form init\" aria-label=\"Formulaire de contact\" novalidate=\"novalidate\" data-status=\"init\">\n<div style=\"display: none;\">\n<input type=\"hidden\" name=\"_wpcf7\" value=\"5162\" \/>\n<input type=\"hidden\" name=\"_wpcf7_version\" value=\"6.0.6\" \/>\n<input type=\"hidden\" name=\"_wpcf7_locale\" value=\"fr_FR\" \/>\n<input type=\"hidden\" name=\"_wpcf7_unit_tag\" value=\"wpcf7-f5162-o1\" \/>\n<input type=\"hidden\" name=\"_wpcf7_container_post\" value=\"0\" \/>\n<input type=\"hidden\" name=\"_wpcf7_posted_data_hash\" value=\"\" \/>\n<\/div>\n<p><span class=\"wpcf7-form-control-wrap\" data-name=\"your-name\"><input size=\"40\" maxlength=\"400\" class=\"wpcf7-form-control wpcf7-text wpcf7-validates-as-required\" aria-required=\"true\" aria-invalid=\"false\" placeholder=\"pr\u00e9nom et nom\" value=\"\" type=\"text\" name=\"your-name\" \/><\/span>\n<\/p>\n<p><span class=\"wpcf7-form-control-wrap\" data-name=\"your-email\"><input size=\"40\" maxlength=\"400\" class=\"wpcf7-form-control wpcf7-email wpcf7-validates-as-required wpcf7-text wpcf7-validates-as-email\" aria-required=\"true\" aria-invalid=\"false\" placeholder=\"adresse de courriel\" value=\"\" type=\"email\" name=\"your-email\" \/><\/span>\n<\/p>\n<p><span class=\"wpcf7-form-control-wrap\" data-name=\"your-subject\"><input size=\"40\" maxlength=\"400\" class=\"wpcf7-form-control wpcf7-text\" aria-invalid=\"false\" placeholder=\"concerne\" value=\"\" type=\"text\" name=\"your-subject\" \/><\/span>\n<\/p>\n<p><span class=\"wpcf7-form-control-wrap\" data-name=\"your-message\"><textarea cols=\"40\" rows=\"10\" maxlength=\"2000\" class=\"wpcf7-form-control wpcf7-textarea\" aria-invalid=\"false\" placeholder=\"\u00e9crivez un court message.\" name=\"your-message\"><\/textarea><\/span>\n<\/p>\n<p><input class=\"wpcf7-form-control wpcf7-submit has-spinner\" type=\"submit\" value=\"envoyer\" \/>\n<\/p><div class=\"wpcf7-response-output\" aria-hidden=\"true\"><\/div>\n<\/form>\n<\/div>\n<\/div><\/div><\/div><\/div><div class = \"tatsu-column-bg-image-wrap\"><div class = \"tatsu-column-bg-image\" ><\/div><\/div><\/div><style>.tatsu-row > .tatsu-fuqmtdpbwof17kxv.tatsu-column{width: 100%;}.tatsu-fuqmtdpbwof17kxv.tatsu-column > .tatsu-column-inner > .tatsu-column-overlay{mix-blend-mode: none;}.tatsu-fuqmtdpbwof17kxv > .tatsu-column-inner > .tatsu-top-divider{z-index: 9999;}.tatsu-fuqmtdpbwof17kxv > .tatsu-column-inner > .tatsu-bottom-divider{z-index: 9999;}.tatsu-fuqmtdpbwof17kxv > .tatsu-column-inner > .tatsu-left-divider{z-index: 9999;}.tatsu-fuqmtdpbwof17kxv > .tatsu-column-inner > .tatsu-right-divider{z-index: 9999;}<\/style><\/div><\/div><\/div><div class=\"tatsu-row-wrap  tatsu-wrap tatsu-row-one-col tatsu-row-has-one-cols tatsu-medium-gutter tatsu-reg-cols  tatsu-clearfix tatsu-WhPl1v7zh1\" ><div  class=\"tatsu-row \" ><div  class=\"tatsu-column  tatsu-bg-overlay tatsu-one-col tatsu-column-image-none tatsu-column-effect-none  tatsu-s_HagJmcb\"  data-parallax-speed=\"0\" style=\"\"><div class=\"tatsu-column-inner \" ><div class=\"tatsu-column-pad-wrap\"><div class=\"tatsu-column-pad\" ><div id = \"\" class=\"tatsu-code tatsu-module tatsu--wNpiG12t   \"  ><iframe loading=\"lazy\" src=\"https:\/\/snazzymaps.com\/embed\/224317\" width=\"100%\" height=\"600px\" style=\"border:none;\"><\/iframe><\/div><\/div><\/div><div class = \"tatsu-column-bg-image-wrap\"><div class = \"tatsu-column-bg-image\" ><\/div><\/div><div class=\"tatsu-overlay tatsu-column-overlay tatsu-animate-none\" ><\/div><\/div><style>.tatsu-row > .tatsu-s_HagJmcb.tatsu-column{width: 100%;}.tatsu-s_HagJmcb.tatsu-column > .tatsu-column-inner > .tatsu-column-overlay{mix-blend-mode: normal;}.tatsu-s_HagJmcb > .tatsu-column-inner > .tatsu-top-divider{z-index: 9999;}.tatsu-s_HagJmcb > .tatsu-column-inner > .tatsu-bottom-divider{z-index: 9999;}.tatsu-s_HagJmcb > .tatsu-column-inner > .tatsu-left-divider{z-index: 9999;}.tatsu-s_HagJmcb > .tatsu-column-inner > .tatsu-right-divider{z-index: 9999;}@media only screen and (max-width:1377px) {.tatsu-row > .tatsu-s_HagJmcb.tatsu-column{width: 100%;}}@media only screen and (min-width:768px) and (max-width: 1024px) {.tatsu-row > .tatsu-s_HagJmcb.tatsu-column{width: 100%;}}@media only screen and (max-width: 767px) {.tatsu-row > .tatsu-s_HagJmcb.tatsu-column{width: 100%;}}<\/style><\/div><\/div><\/div><\/div><div class=\"tatsu-section-background-wrap\"><div class = \"tatsu-section-background\" ><\/div><\/div><style>.tatsu-fuqmtdpbq43xezpf .tatsu-section-pad{padding: 56px 0px 35px 0px;}.tatsu-fuqmtdpbq43xezpf > .tatsu-bottom-divider{z-index: 9999;}.tatsu-fuqmtdpbq43xezpf > .tatsu-top-divider{z-index: 9999;}<\/style><\/div>\n","protected":false},"excerpt":{"rendered":"<p><a href=\"https:\/\/ph7.info\/fr\/contact\/\" class=\"more-link style3-button\">Read More<\/a><\/p>","protected":false},"author":1,"featured_media":0,"parent":0,"menu_order":24,"comment_status":"closed","ping_status":"closed","template":"","meta":{"footnotes":""},"class_list":["post-3545","page","type-page","status-publish","hentry"],"_links":{"self":[{"href":"https:\/\/ph7.info\/fr\/wp-json\/wp\/v2\/pages\/3545","targetHints":{"allow":["GET"]}}],"collection":[{"href":"https:\/\/ph7.info\/fr\/wp-json\/wp\/v2\/pages"}],"about":[{"href":"https:\/\/ph7.info\/fr\/wp-json\/wp\/v2\/types\/page"}],"author":[{"embeddable":true,"href":"https:\/\/ph7.info\/fr\/wp-json\/wp\/v2\/users\/1"}],"replies":[{"embeddable":true,"href":"https:\/\/ph7.info\/fr\/wp-json\/wp\/v2\/comments?post=3545"}],"version-history":[{"count":0,"href":"https:\/\/ph7.info\/fr\/wp-json\/wp\/v2\/pages\/3545\/revisions"}],"wp:attachment":[{"href":"https:\/\/ph7.info\/fr\/wp-json\/wp\/v2\/media?parent=3545"}],"curies":[{"name":"wp","href":"https:\/\/api.w.org\/{rel}","templated":true}]}}